{"id":75,"date":"2016-02-04T16:13:20","date_gmt":"2016-02-04T16:13:20","guid":{"rendered":"http:\/\/anestesiologia.uc.cl\/?page_id=75"},"modified":"2017-02-07T02:26:48","modified_gmt":"2017-02-07T02:26:48","slug":"info-pacientes","status":"publish","type":"page","link":"https:\/\/anestesiologia.uc.cl\/?page_id=75","title":{"rendered":"Programa de analgesia domiciliaria postquir\u00fargica"},"content":{"rendered":"<p>[et_pb_section admin_label=&#8221;section&#8221; transparent_background=&#8221;on&#8221; allow_player_pause=&#8221;off&#8221; inner_shadow=&#8221;off&#8221; parallax=&#8221;off&#8221; parallax_method=&#8221;off&#8221; custom_padding=&#8221;0px|||&#8221; padding_mobile=&#8221;off&#8221; make_fullwidth=&#8221;off&#8221; use_custom_width=&#8221;off&#8221; width_unit=&#8221;on&#8221; make_equal=&#8221;off&#8221; use_custom_gutter=&#8221;off&#8221;][et_pb_row admin_label=&#8221;row&#8221; make_fullwidth=&#8221;off&#8221; use_custom_width=&#8221;off&#8221; width_unit=&#8221;on&#8221; use_custom_gutter=&#8221;off&#8221; custom_padding=&#8221;0px||0px|&#8221; padding_mobile=&#8221;off&#8221; custom_margin=&#8221;0px||0px|&#8221; allow_player_pause=&#8221;off&#8221; parallax=&#8221;off&#8221; parallax_method=&#8221;off&#8221; make_equal=&#8221;off&#8221; parallax_1=&#8221;off&#8221; parallax_method_1=&#8221;off&#8221; column_padding_mobile=&#8221;on&#8221; padding_bottom_1=&#8221;0px&#8221;][et_pb_column type=&#8221;4_4&#8243;][et_pb_text admin_label=&#8221;Text&#8221; background_layout=&#8221;light&#8221; text_orientation=&#8221;left&#8221; use_border_color=&#8221;off&#8221; border_color=&#8221;#ffffff&#8221; border_style=&#8221;solid&#8221; custom_margin=&#8221;0px|||&#8221; custom_padding=&#8221;0px|||&#8221;]<\/p>\n<p>La t\u00e9cnica usada para el manejo del dolor, que consiste en \u201cdormir\u201d una parte de su cuerpo, es\u00a0conocida como BLOQUEO. Debido a que este adormecimiento es extendido en el tiempo, se\u00a0denomina BLOQUEO CONTINUO.<\/p>\n<p>Para lograr el bloqueo continuo se ha instalado un cat\u00e9ter (delgado tubo de pl\u00e1stico)\u00a0conectado a un aparato de inyecci\u00f3n del medicamento con forma de botella (bomba\u00a0elastom\u00e9rica), la que, en forma segura, le proporcionar\u00e1 una infusi\u00f3n constante de anest\u00e9sico\u00a0local durante aproximadamente 2 d\u00edas.<\/p>\n<p>Si durante el per\u00edodo de administraci\u00f3n del medicamento presenta adormecimiento de los\u00a0labios, gusto met\u00e1lico en la boca o escucha zumbidos en los o\u00eddos debe desconectar la infusi\u00f3n\u00a0y contactar al equipo de anestesia.<\/p>\n<p>Una vez vac\u00eda la bomba, el cat\u00e9ter puede ser retirado f\u00e1cilmente por usted, sin necesidad de\u00a0ayuda. Para esto debe seguir las siguientes instrucciones:<\/p>\n<ol>\n<li>Retire las telas adhesivas que fijan el cat\u00e9ter a la piel.<\/li>\n<li>Tire suavemente del cat\u00e9ter hasta extraerlo completamente.<\/li>\n<li>Limpie el sitio de punci\u00f3n con una soluci\u00f3n antis\u00e9ptica (alcohol o povidona).<\/li>\n<li>Cubra el sitio de punci\u00f3n con un parche curita.<\/li>\n<li>Tire a la basura el cat\u00e9ter y la bomba de infusi\u00f3n (son desechables).<\/li>\n<\/ol>\n<p>Para m\u00e1s detalles puede ver este video instructivo de retiro de cat\u00e9ter de nervio perif\u00e9rico.<\/p>\n<p>[\/et_pb_text][et_pb_toggle admin_label=&#8221;Retiro de cat\u00e9ter de nervio perif\u00e9rico&#8221; title=&#8221;Retiro de cat\u00e9ter de nervio perif\u00e9rico&#8221; open=&#8221;on&#8221; use_border_color=&#8221;off&#8221; border_color=&#8221;#ffffff&#8221; border_style=&#8221;solid&#8221;]<\/p>\n<p><iframe loading=\"lazy\" width=\"900\" height=\"506\" src=\"https:\/\/www.youtube.com\/embed\/Z-Xi7VO6ulA?feature=oembed\" frameborder=\"0\" allowfullscreen><\/iframe><\/p>\n<p>[\/et_pb_toggle][et_pb_text admin_label=&#8221;Preguntas frecuentes (T\u00edtulo)&#8221; background_layout=&#8221;light&#8221; text_orientation=&#8221;justified&#8221; use_border_color=&#8221;off&#8221; border_color=&#8221;#ffffff&#8221; border_style=&#8221;solid&#8221; custom_margin=&#8221;0px||0px|&#8221; custom_padding=&#8221;0px||10px|&#8221; text_text_color=&#8221;#2f549e&#8221;]<\/p>\n<p><strong>Preguntas frecuentes:<\/strong><\/p>\n<p>[\/et_pb_text][et_pb_accordion admin_label=&#8221;Acorde\u00f3n&#8221; use_border_color=&#8221;off&#8221; border_color=&#8221;#ffffff&#8221; border_style=&#8221;solid&#8221;]<\/p>\n<p>[et_pb_accordion_item title=&#8221;\u00bfMe puedo ba\u00f1ar con esta bomba?&#8221;]Por lo general s\u00ed. Trate de que no le llegue el agua directo al parche donde se inserta\u00a0el cat\u00e9ter y de no mojar la bomba, ya que la temperatura puede afectar la velocidad\u00a0de infusi\u00f3n.<\/p>\n<p>[\/et_pb_accordion_item][et_pb_accordion_item title=&#8221;\u00bfCu\u00e1nto dura esta bomba de analgesia?&#8221;]Una vez instalada la bomba su infusi\u00f3n dura 55 a 60 horas. (2 1\/2 d\u00edas). La bomba es\u00a0instalada en el post operatorio inmediato en la sala de recuperaci\u00f3n.<\/p>\n<p>[\/et_pb_accordion_item][et_pb_accordion_item title=&#8221;Si nadie me puede retirar el cat\u00e9ter\u2026.\u00bfc\u00f3mo lo hago?&#8221;]Si usted o un familiar no pueden retirar el sistema de analgesia, puede contactarse\u00a0con el equipo del dolor y coordinar retiro en el Hospital o Cl\u00ednica UC.<\/p>\n<p>[\/et_pb_accordion_item][et_pb_accordion_item title=&#8221;\u00bfTengo que devolver esta bomba?&#8221;]No. La bomba elastom\u00e9rica y el cat\u00e9ter son totalmente desechables. Una vez que\u00a0haya finalizado la infusi\u00f3n debe retirar el cat\u00e9ter y eliminar a la basura todo el sistema.<\/p>\n<p>[\/et_pb_accordion_item][et_pb_accordion_item title=&#8221;Una vez que me retire el cat\u00e9ter y la bomba\u2026 \u00bfpor cu\u00e1nto tiempo m\u00e1s voy a sentir la extremidad \u201cdormida\u201d?&#8221;]El bloqueo puede durar hasta 8 horas una vez finalizada la infusi\u00f3n. Este siempre es\u00a0relativo en cada paciente. Si persiste el bloqueo se puede contactar al equipo de dolor.<\/p>\n<p>[\/et_pb_accordion_item][et_pb_accordion_item title=&#8221;Una vez que se termine la bomba \u00bfvoy a tener dolor?&#8221;]El dolor m\u00e1s intenso generalmente es durante las primeras 24 \u2013 48 horas post\u00a0quir\u00fargicas, luego de esto el proceso inflamatorio viene en descenso por lo cual el\u00a0dolor es menor. Adem\u00e1s su m\u00e9dico tratante dej\u00f3 indicado otros medicamentos v\u00eda\u00a0oral, que en conjunto con la bomba ayudan a que su dolor sea tolerable.<\/p>\n<p>[\/et_pb_accordion_item][et_pb_accordion_item title=&#8221;\u00bfQu\u00e9 pasa si se sale el cat\u00e9ter?&#8221;]Debe limpiar la zona donde estaba inserto el cat\u00e9ter con una soluci\u00f3n antis\u00e9ptica\u00a0(povidona o alcohol), eliminar el cat\u00e9ter y la bomba y dar aviso al equipo del dolor\u00a0para ajustar esquema analg\u00e9sico.<\/p>\n<p>[\/et_pb_accordion_item][et_pb_accordion_item title=&#8221;\u00bfQu\u00e9 hago si filtra el cat\u00e9ter?&#8221;]Es normal que los cat\u00e9teres perineurales filtren un poco ya que su localizaci\u00f3n es\u00a0bajo la piel donde no todo el contenido es absorbido. Si la filtra mucho y comienza con\u00a0dolor m\u00e1s fuerte debe dar aviso al equipo de dolor ya que este cat\u00e9ter puede que se\u00a0haya desplazado y deje de funcionar correctamente. Si la filtraci\u00f3n es poca y no tiene\u00a0dolor o dolor tolerable, puede reforzar con gasas el sitio de inserci\u00f3n del cat\u00e9ter.<\/p>\n<p>[\/et_pb_accordion_item][et_pb_accordion_item title=&#8221;Si al retirar el cat\u00e9ter me sangra\u2026 \u00bfQu\u00e9 hago?&#8221;]Generalmente el retiro del cat\u00e9ter no sangra, ya que no se encuentra dentro de un\u00a0vaso sangu\u00edneo. Pero si igualmente le sangra, debe comprimir con un algod\u00f3n o gasa\u00a0por algunos minutos. Si luego de esto no cesa el sangrado debe acudir al servicio de\u00a0urgencia del Hospital o Cl\u00ednica UC.<\/p>\n<p>[\/et_pb_accordion_item][et_pb_accordion_item title=&#8221;\u00bfPuedo caminar y hacer las cosas normalmente?&#8221;]Su m\u00e9dico tratante indic\u00f3 \u201creposo relativo\u201d, lo que quiere decir que debe\u00a0permanecer en su casa, realizar reposo y movilizarse con ayuda. Recuerde que el\u00a0bloqueo continuo deja la extremidad \u201cdormida\u201d por lo cual eventualmente no podr\u00eda\u00a0sentir golpes y tampoco tiene fuerza. En caso de tener bloqueo en extremidad inferior\u00a0NO debe caminar sin ayuda.<\/p>\n<p>[\/et_pb_accordion_item]<\/p>\n<p>[\/et_pb_accordion][et_pb_toggle admin_label=&#8221;Prepar\u00e1ndonos para la cirug\u00eda de nuestro hijo&#8221; title=&#8221;C\u00f3mo prepararnos para la cirug\u00eda de nuestro hijo&#8221; open=&#8221;on&#8221; use_border_color=&#8221;off&#8221; border_color=&#8221;#ffffff&#8221; border_style=&#8221;solid&#8221; disabled_on=&#8221;on|on|on&#8221; disabled=&#8221;on&#8221;]<\/p>\n<p><iframe loading=\"lazy\" width=\"900\" height=\"506\" src=\"https:\/\/www.youtube.com\/embed\/jkdXkrQSnLs?feature=oembed\" frameborder=\"0\" allowfullscreen><\/iframe><\/p>\n<p>[\/et_pb_toggle][\/et_pb_column][\/et_pb_row][\/et_pb_section]<\/p>\n","protected":false},"excerpt":{"rendered":"<p>La t\u00e9cnica usada para el manejo del dolor, que&#8230;<\/p>\n","protected":false},"author":1,"featured_media":0,"parent":0,"menu_order":0,"comment_status":"closed","ping_status":"closed","template":"","meta":{"_et_pb_use_builder":"on","_et_pb_old_content":"","_et_gb_content_width":"","footnotes":""},"yoast_head":"<!-- This site is optimized with the Yoast SEO plugin v21.7 - https:\/\/yoast.com\/wordpress\/plugins\/seo\/ -->\n<title>Programa de analgesia domiciliaria postquir\u00fargica - Anestesia Regional<\/title>\n<meta name=\"robots\" content=\"index, follow, max-snippet:-1, max-image-preview:large, max-video-preview:-1\" \/>\n<link rel=\"canonical\" href=\"https:\/\/anestesiologia.uc.cl\/?page_id=75\" \/>\n<meta property=\"og:locale\" content=\"es_ES\" \/>\n<meta property=\"og:type\" content=\"article\" \/>\n<meta property=\"og:title\" content=\"Programa de analgesia domiciliaria postquir\u00fargica - Anestesia Regional\" \/>\n<meta property=\"og:description\" content=\"La t\u00e9cnica usada para el manejo del dolor, que...\" \/>\n<meta property=\"og:url\" content=\"https:\/\/anestesiologia.uc.cl\/?page_id=75\" \/>\n<meta property=\"og:site_name\" content=\"Anestesia Regional\" \/>\n<meta property=\"article:modified_time\" content=\"2017-02-07T02:26:48+00:00\" \/>\n<meta name=\"twitter:card\" content=\"summary_large_image\" \/>\n<meta name=\"twitter:label1\" content=\"Tiempo de lectura\" \/>\n\t<meta name=\"twitter:data1\" content=\"4 minutos\" \/>\n<script type=\"application\/ld+json\" class=\"yoast-schema-graph\">{\"@context\":\"https:\/\/schema.org\",\"@graph\":[{\"@type\":\"WebPage\",\"@id\":\"https:\/\/anestesiologia.uc.cl\/?page_id=75\",\"url\":\"https:\/\/anestesiologia.uc.cl\/?page_id=75\",\"name\":\"Programa de analgesia domiciliaria postquir\u00fargica - Anestesia Regional\",\"isPartOf\":{\"@id\":\"https:\/\/anestesiologia.uc.cl\/#website\"},\"datePublished\":\"2016-02-04T16:13:20+00:00\",\"dateModified\":\"2017-02-07T02:26:48+00:00\",\"breadcrumb\":{\"@id\":\"https:\/\/anestesiologia.uc.cl\/?page_id=75#breadcrumb\"},\"inLanguage\":\"es\",\"potentialAction\":[{\"@type\":\"ReadAction\",\"target\":[\"https:\/\/anestesiologia.uc.cl\/?page_id=75\"]}]},{\"@type\":\"BreadcrumbList\",\"@id\":\"https:\/\/anestesiologia.uc.cl\/?page_id=75#breadcrumb\",\"itemListElement\":[{\"@type\":\"ListItem\",\"position\":1,\"name\":\"Home\",\"item\":\"https:\/\/anestesiologia.uc.cl\/\"},{\"@type\":\"ListItem\",\"position\":2,\"name\":\"Programa de analgesia domiciliaria postquir\u00fargica\"}]},{\"@type\":\"WebSite\",\"@id\":\"https:\/\/anestesiologia.uc.cl\/#website\",\"url\":\"https:\/\/anestesiologia.uc.cl\/\",\"name\":\"Anestesia Regional\",\"description\":\"Universidad Cat\u00f3lica\",\"potentialAction\":[{\"@type\":\"SearchAction\",\"target\":{\"@type\":\"EntryPoint\",\"urlTemplate\":\"https:\/\/anestesiologia.uc.cl\/?s={search_term_string}\"},\"query-input\":\"required name=search_term_string\"}],\"inLanguage\":\"es\"}]}<\/script>\n<!-- \/ Yoast SEO plugin. -->","yoast_head_json":{"title":"Programa de analgesia domiciliaria postquir\u00fargica - Anestesia Regional","robots":{"index":"index","follow":"follow","max-snippet":"max-snippet:-1","max-image-preview":"max-image-preview:large","max-video-preview":"max-video-preview:-1"},"canonical":"https:\/\/anestesiologia.uc.cl\/?page_id=75","og_locale":"es_ES","og_type":"article","og_title":"Programa de analgesia domiciliaria postquir\u00fargica - Anestesia Regional","og_description":"La t\u00e9cnica usada para el manejo del dolor, que...","og_url":"https:\/\/anestesiologia.uc.cl\/?page_id=75","og_site_name":"Anestesia Regional","article_modified_time":"2017-02-07T02:26:48+00:00","twitter_card":"summary_large_image","twitter_misc":{"Tiempo de lectura":"4 minutos"},"schema":{"@context":"https:\/\/schema.org","@graph":[{"@type":"WebPage","@id":"https:\/\/anestesiologia.uc.cl\/?page_id=75","url":"https:\/\/anestesiologia.uc.cl\/?page_id=75","name":"Programa de analgesia domiciliaria postquir\u00fargica - Anestesia Regional","isPartOf":{"@id":"https:\/\/anestesiologia.uc.cl\/#website"},"datePublished":"2016-02-04T16:13:20+00:00","dateModified":"2017-02-07T02:26:48+00:00","breadcrumb":{"@id":"https:\/\/anestesiologia.uc.cl\/?page_id=75#breadcrumb"},"inLanguage":"es","potentialAction":[{"@type":"ReadAction","target":["https:\/\/anestesiologia.uc.cl\/?page_id=75"]}]},{"@type":"BreadcrumbList","@id":"https:\/\/anestesiologia.uc.cl\/?page_id=75#breadcrumb","itemListElement":[{"@type":"ListItem","position":1,"name":"Home","item":"https:\/\/anestesiologia.uc.cl\/"},{"@type":"ListItem","position":2,"name":"Programa de analgesia domiciliaria postquir\u00fargica"}]},{"@type":"WebSite","@id":"https:\/\/anestesiologia.uc.cl\/#website","url":"https:\/\/anestesiologia.uc.cl\/","name":"Anestesia Regional","description":"Universidad Cat\u00f3lica","potentialAction":[{"@type":"SearchAction","target":{"@type":"EntryPoint","urlTemplate":"https:\/\/anestesiologia.uc.cl\/?s={search_term_string}"},"query-input":"required name=search_term_string"}],"inLanguage":"es"}]}},"_links":{"self":[{"href":"https:\/\/anestesiologia.uc.cl\/index.php?rest_route=\/wp\/v2\/pages\/75"}],"collection":[{"href":"https:\/\/anestesiologia.uc.cl\/index.php?rest_route=\/wp\/v2\/pages"}],"about":[{"href":"https:\/\/anestesiologia.uc.cl\/index.php?rest_route=\/wp\/v2\/types\/page"}],"author":[{"embeddable":true,"href":"https:\/\/anestesiologia.uc.cl\/index.php?rest_route=\/wp\/v2\/users\/1"}],"replies":[{"embeddable":true,"href":"https:\/\/anestesiologia.uc.cl\/index.php?rest_route=%2Fwp%2Fv2%2Fcomments&post=75"}],"version-history":[{"count":0,"href":"https:\/\/anestesiologia.uc.cl\/index.php?rest_route=\/wp\/v2\/pages\/75\/revisions"}],"wp:attachment":[{"href":"https:\/\/anestesiologia.uc.cl\/index.php?rest_route=%2Fwp%2Fv2%2Fmedia&parent=75"}],"curies":[{"name":"wp","href":"https:\/\/api.w.org\/{rel}","templated":true}]}}