{"id":73,"date":"2016-02-04T16:13:02","date_gmt":"2016-02-04T16:13:02","guid":{"rendered":"http:\/\/anestesiologia.uc.cl\/?page_id=73"},"modified":"2017-09-14T17:33:42","modified_gmt":"2017-09-14T17:33:42","slug":"noticias","status":"publish","type":"page","link":"https:\/\/anestesiologia.uc.cl\/?page_id=73","title":{"rendered":"Noticias"},"content":{"rendered":"<div class=\"row\"><div class=\"col-md-6\"><div class=\"front-image\" style=\"background-image: url(https:\/\/anestesiologia.uc.cl\/wp-content\/uploads\/2022\/07\/Seminario-Fragilidad-SA20I0033_30-de-Junio_2022-1-1.jpeg)\"><a href=\"https:\/\/anestesiologia.uc.cl\/?p=1795\" class=\"over\"><h2>Seminario VIRTUAL Fragilidad, Acondicionamiento Oportuno y Resultados post quir\u00fargicos en pacientes mayores de 65 a\u00f1os<\/h2><span class=\"excerpt\">Para descargar el programa presiona este... <a href=\"\">more<\/a><\/span><\/a><\/div><\/div><div class=\"col-md-6\"><div class=\"front-image\" style=\"background-image: url(https:\/\/anestesiologia.uc.cl\/wp-content\/uploads\/2021\/11\/6-anesthesiologist-doctor-anesthetized-a-surgical-pa-2021-10-14-15-20-49-utc.jpg)\"><a href=\"https:\/\/anestesiologia.uc.cl\/?p=1791\" class=\"over\"><h2>La Divisi\u00f3n de Anestesiolog\u00eda de la Facultad de Medicina de la @Pontificia Universidad Cat\u00f3lica de Chile como nuevo Centro de Excelencia MDoloris.<\/h2><span class=\"excerpt\">\u00bfQu\u00e9 es un centro de excelencia? Un Centro de Excelencia MDoloris es una instituci\u00f3n acad\u00e9mica con reconocimiento nacional y\/o internacional, comprometida con el avance m\u00e9dico y cient\u00edfico,... <a href=\"\">more<\/a><\/span><\/a><\/div><\/div><div class=\"col-md-6\"><div class=\"front-image\" style=\"background-image: url(https:\/\/anestesiologia.uc.cl\/wp-content\/uploads\/2021\/10\/somulacion_1-1.png)\"><a href=\"https:\/\/anestesiologia.uc.cl\/?p=1612\" class=\"over\"><h2>El dise\u00f1o al servicio de la simulaci\u00f3n<\/h2><span class=\"excerpt\">Conoce el trabajo realizado en conjunto entre las facultades de Medicina y Dise\u00f1o UC. En una colaboraci\u00f3n in\u00e9dita, el Centro de Simulaci\u00f3n liderado por la Dra. Marcia Corvetto de la Divisi\u00f3n... <a href=\"\">more<\/a><\/span><\/a><\/div><\/div><div class=\"col-md-6\"><div class=\"front-image\" style=\"background-image: url(https:\/\/anestesiologia.uc.cl\/wp-content\/uploads\/2021\/10\/seminario-innovacion-dolor-cronico3-1-1.jpg)\"><a href=\"https:\/\/anestesiologia.uc.cl\/?p=1600\" class=\"over\"><h2>Seminario en Innovaciones de dolor cr\u00f3nico 2021<\/h2><span class=\"excerpt\">En esta oportunidad tuvimos la posibilidad de compartir con expositores nacionales e internacionales el tema de innovaciones en el manejo del dolor cr\u00f3nico. Para esta edici\u00f3n los temas a tratar... <a href=\"\">more<\/a><\/span><\/a><\/div><\/div><div class=\"col-md-6\"><div class=\"front-image\" style=\"background-image: url(https:\/\/anestesiologia.uc.cl\/wp-content\/uploads\/2021\/09\/3-2-1.png)\"><a href=\"https:\/\/anestesiologia.uc.cl\/?p=1591\" class=\"over\"><h2>Jornadas de Investigaci\u00f3n en Anestesiolog\u00eda 2021<\/h2><span class=\"excerpt\">El 29 y 30 de septiembre, desde las 18:00 hasta las 20:15 horas, se realizar\u00e1n las Jornadas de Investigaci\u00f3n en Anestesiolog\u00eda UC 2021. En esta instancia queremos dar a conocer los proyectos y... <a href=\"\">more<\/a><\/span><\/a><\/div><\/div><div class=\"col-md-6\"><div class=\"front-image\" style=\"background-image: url(https:\/\/anestesiologia.uc.cl\/wp-content\/uploads\/2021\/09\/dr-guillermo-lema-1.jpg)\"><a href=\"https:\/\/anestesiologia.uc.cl\/?p=1586\" class=\"over\"><h2>Dr.  Guillermo Lema Fuxman: \u201cMaestro de la Anestesiolog\u00eda Chilena\u201d<\/h2><span class=\"excerpt\">El pasado jueves 5 de agosto, el Directorio de la Sociedad Chilena de Anestesiolog\u00eda (SACH), determin\u00f3 por unanimidad de sus integrantes distinguir como \u201cMaestro de la Anestesiolog\u00eda Chilena\u201d... <a href=\"\">more<\/a><\/span><\/a><\/div><\/div><div class=\"col-md-6\"><div class=\"front-image\" style=\"background-image: url(https:\/\/anestesiologia.uc.cl\/wp-content\/uploads\/2021\/08\/Conferencias-Seminario-TIVA-2021-1.jpg)\"><a href=\"https:\/\/anestesiologia.uc.cl\/?p=1535\" class=\"over\"><h2>Conferencia Seminario Virtual de Innovaci\u00f3n en TIVA 2021<\/h2><span class=\"excerpt\">El pasado viernes 27 de agosto se realiz\u00f3 con \u00e9xito el Seminario Virtual de Innovaci\u00f3n en TIVA 2021, parte del Diplomado en Anestesia Intravenosa TIVA UC. Cont\u00f3 con m\u00e1s de 300 participantes de... <a href=\"\">more<\/a><\/span><\/a><\/div><\/div><div class=\"col-md-6\"><div class=\"front-image\" style=\"background-image: url(https:\/\/anestesiologia.uc.cl\/wp-content\/uploads\/2021\/03\/paralyzed-senior-woman-on-wheelchair-in-nursing-ho-XLBQ69Y-1.jpg)\"><a href=\"https:\/\/anestesiologia.uc.cl\/?p=1517\" class=\"over\"><h2>Neuro HIFU: innovador procedimiento permite tratar s\u00edntomas del Parkinson y Temblor Esencial<\/h2><span class=\"excerpt\">La Red de Salud UC CHRISTUS es la primera instituci\u00f3n en Latinoam\u00e9rica en contar con esta revolucionaria tecnolog\u00eda, que trata los s\u00edntomas de las personas que padecen la enfermedad de Parkinson... <a href=\"\">more<\/a><\/span><\/a><\/div><\/div><div class=\"col-md-6\"><div class=\"front-image\" style=\"background-image: url(https:\/\/anestesiologia.uc.cl\/wp-content\/uploads\/2021\/02\/WEBINAR-MOOC-RECUPERACION-OPTIMIZADA_QR-1.jpg)\"><a href=\"https:\/\/anestesiologia.uc.cl\/?p=1504\" class=\"over\"><h2>Webinar: Prep\u00e1rate para la cirug\u00eda en tiempos de pandemia<\/h2><span class=\"excerpt\">Luego de dos a\u00f1os de trabajo, hemos logrado lanzarnos al mundo de los MOOC (por sus siglas en ingl\u00e9s) o\u00a0Massive Open Online Course. El curso est\u00e1 formado por\u00a0un\u00a0equipo de docentes de la UC,... <a href=\"\">more<\/a><\/span><\/a><\/div><\/div><div class=\"col-md-6\"><div class=\"front-image\" style=\"background-image: url(https:\/\/anestesiologia.uc.cl\/wp-content\/uploads\/2021\/02\/unnamed-1-scaled.jpg)\"><a href=\"https:\/\/anestesiologia.uc.cl\/?p=1499\" class=\"over\"><h2>Trabajo adjudicado en el concurso FONDECYT Regular 2021<\/h2><span class=\"excerpt\">El Proyecto titulado \"Analyzing the neuroprotective effect of dexmedetomidine in terms of preserving brain functional connectivity in elderly patients after major surgery\u201d, es uno de los trabajos... <a href=\"\">more<\/a><\/span><\/a><\/div><\/div><\/div><div class=\"row\"><div class=\"col-md-12\"><div class=\"pagination\"><span aria-current=\"page\" class=\"page-numbers current\">1<\/span>\n<a class=\"page-numbers\" href=\"https:\/\/anestesiologia.uc.cl\/index.php?rest_route=%2Fwp%2Fv2%2Fpages%2F73&#038;paged=2\">2<\/a>\n<a class=\"page-numbers\" href=\"https:\/\/anestesiologia.uc.cl\/index.php?rest_route=%2Fwp%2Fv2%2Fpages%2F73&#038;paged=3\">3<\/a>\n<a class=\"next page-numbers\" href=\"https:\/\/anestesiologia.uc.cl\/index.php?rest_route=%2Fwp%2Fv2%2Fpages%2F73&#038;paged=2\">Siguiente &raquo;<\/a><\/div><\/div><\/div>\n","protected":false},"excerpt":{"rendered":"","protected":false},"author":1,"featured_media":0,"parent":0,"menu_order":0,"comment_status":"closed","ping_status":"closed","template":"","meta":{"_et_pb_use_builder":"off","_et_pb_old_content":"<p>[news posts=\"10\" pagination=\"true\" category=\"23\"]<\/p>","_et_gb_content_width":"","footnotes":""},"yoast_head":"<!-- This site is optimized with the Yoast SEO plugin v21.7 - https:\/\/yoast.com\/wordpress\/plugins\/seo\/ -->\n<title>Noticias - Anestesia Regional<\/title>\n<meta name=\"robots\" content=\"index, follow, max-snippet:-1, max-image-preview:large, max-video-preview:-1\" \/>\n<link rel=\"canonical\" href=\"https:\/\/anestesiologia.uc.cl\/?page_id=73\" \/>\n<meta property=\"og:locale\" content=\"es_ES\" \/>\n<meta property=\"og:type\" content=\"article\" \/>\n<meta property=\"og:title\" content=\"Noticias - Anestesia Regional\" \/>\n<meta property=\"og:url\" content=\"https:\/\/anestesiologia.uc.cl\/?page_id=73\" \/>\n<meta property=\"og:site_name\" content=\"Anestesia Regional\" \/>\n<meta property=\"article:modified_time\" content=\"2017-09-14T17:33:42+00:00\" \/>\n<meta name=\"twitter:card\" content=\"summary_large_image\" \/>\n<script type=\"application\/ld+json\" class=\"yoast-schema-graph\">{\"@context\":\"https:\/\/schema.org\",\"@graph\":[{\"@type\":\"WebPage\",\"@id\":\"https:\/\/anestesiologia.uc.cl\/?page_id=73\",\"url\":\"https:\/\/anestesiologia.uc.cl\/?page_id=73\",\"name\":\"Noticias - Anestesia Regional\",\"isPartOf\":{\"@id\":\"https:\/\/anestesiologia.uc.cl\/#website\"},\"datePublished\":\"2016-02-04T16:13:02+00:00\",\"dateModified\":\"2017-09-14T17:33:42+00:00\",\"breadcrumb\":{\"@id\":\"https:\/\/anestesiologia.uc.cl\/?page_id=73#breadcrumb\"},\"inLanguage\":\"es\",\"potentialAction\":[{\"@type\":\"ReadAction\",\"target\":[\"https:\/\/anestesiologia.uc.cl\/?page_id=73\"]}]},{\"@type\":\"BreadcrumbList\",\"@id\":\"https:\/\/anestesiologia.uc.cl\/?page_id=73#breadcrumb\",\"itemListElement\":[{\"@type\":\"ListItem\",\"position\":1,\"name\":\"Home\",\"item\":\"https:\/\/anestesiologia.uc.cl\/\"},{\"@type\":\"ListItem\",\"position\":2,\"name\":\"Noticias\"}]},{\"@type\":\"WebSite\",\"@id\":\"https:\/\/anestesiologia.uc.cl\/#website\",\"url\":\"https:\/\/anestesiologia.uc.cl\/\",\"name\":\"Anestesia Regional\",\"description\":\"Universidad Cat\u00f3lica\",\"potentialAction\":[{\"@type\":\"SearchAction\",\"target\":{\"@type\":\"EntryPoint\",\"urlTemplate\":\"https:\/\/anestesiologia.uc.cl\/?s={search_term_string}\"},\"query-input\":\"required name=search_term_string\"}],\"inLanguage\":\"es\"}]}<\/script>\n<!-- \/ Yoast SEO plugin. -->","yoast_head_json":{"title":"Noticias - Anestesia Regional","robots":{"index":"index","follow":"follow","max-snippet":"max-snippet:-1","max-image-preview":"max-image-preview:large","max-video-preview":"max-video-preview:-1"},"canonical":"https:\/\/anestesiologia.uc.cl\/?page_id=73","og_locale":"es_ES","og_type":"article","og_title":"Noticias - Anestesia Regional","og_url":"https:\/\/anestesiologia.uc.cl\/?page_id=73","og_site_name":"Anestesia Regional","article_modified_time":"2017-09-14T17:33:42+00:00","twitter_card":"summary_large_image","schema":{"@context":"https:\/\/schema.org","@graph":[{"@type":"WebPage","@id":"https:\/\/anestesiologia.uc.cl\/?page_id=73","url":"https:\/\/anestesiologia.uc.cl\/?page_id=73","name":"Noticias - Anestesia Regional","isPartOf":{"@id":"https:\/\/anestesiologia.uc.cl\/#website"},"datePublished":"2016-02-04T16:13:02+00:00","dateModified":"2017-09-14T17:33:42+00:00","breadcrumb":{"@id":"https:\/\/anestesiologia.uc.cl\/?page_id=73#breadcrumb"},"inLanguage":"es","potentialAction":[{"@type":"ReadAction","target":["https:\/\/anestesiologia.uc.cl\/?page_id=73"]}]},{"@type":"BreadcrumbList","@id":"https:\/\/anestesiologia.uc.cl\/?page_id=73#breadcrumb","itemListElement":[{"@type":"ListItem","position":1,"name":"Home","item":"https:\/\/anestesiologia.uc.cl\/"},{"@type":"ListItem","position":2,"name":"Noticias"}]},{"@type":"WebSite","@id":"https:\/\/anestesiologia.uc.cl\/#website","url":"https:\/\/anestesiologia.uc.cl\/","name":"Anestesia Regional","description":"Universidad Cat\u00f3lica","potentialAction":[{"@type":"SearchAction","target":{"@type":"EntryPoint","urlTemplate":"https:\/\/anestesiologia.uc.cl\/?s={search_term_string}"},"query-input":"required name=search_term_string"}],"inLanguage":"es"}]}},"_links":{"self":[{"href":"https:\/\/anestesiologia.uc.cl\/index.php?rest_route=\/wp\/v2\/pages\/73"}],"collection":[{"href":"https:\/\/anestesiologia.uc.cl\/index.php?rest_route=\/wp\/v2\/pages"}],"about":[{"href":"https:\/\/anestesiologia.uc.cl\/index.php?rest_route=\/wp\/v2\/types\/page"}],"author":[{"embeddable":true,"href":"https:\/\/anestesiologia.uc.cl\/index.php?rest_route=\/wp\/v2\/users\/1"}],"replies":[{"embeddable":true,"href":"https:\/\/anestesiologia.uc.cl\/index.php?rest_route=%2Fwp%2Fv2%2Fcomments&post=73"}],"version-history":[{"count":0,"href":"https:\/\/anestesiologia.uc.cl\/index.php?rest_route=\/wp\/v2\/pages\/73\/revisions"}],"wp:attachment":[{"href":"https:\/\/anestesiologia.uc.cl\/index.php?rest_route=%2Fwp%2Fv2%2Fmedia&parent=73"}],"curies":[{"name":"wp","href":"https:\/\/api.w.org\/{rel}","templated":true}]}}